{"id":826,"date":"2021-01-29T14:45:53","date_gmt":"2021-01-29T13:45:53","guid":{"rendered":"https:\/\/www.2d-distribution-ardres.com\/index.php\/produit\/beaujolais-oedora-recoltant-instant-bonoeur-blanc-sec-naturel-2017\/"},"modified":"2024-10-22T04:29:24","modified_gmt":"2024-10-22T02:29:24","slug":"beaujolais-oedora-recoltant-instant-bonheur-blanc-fruite","status":"publish","type":"product","link":"https:\/\/www.2d-distribution-ardres.com\/index.php\/produit\/beaujolais-oedora-recoltant-instant-bonheur-blanc-fruite\/","title":{"rendered":"Beaujolais ~ Instant Bonheur ~ Oedoria r\u00e9coltant ~ Vin blanc fruit\u00e9 naturel ~ 12,5\u00b0"},"content":{"rendered":"<p>&nbsp;<\/p>\n<h4>Beaujolais. Instant Bonoeur.\u00a0Oedoria r\u00e9coltant.\u00a0vin Blanc sec naturel. 2017. 75 cl<\/h4>\n<p>C\u00e9page :<br \/>\nAccord Mets &amp; vins :<\/p>\n<ul>\n<li>En ap\u00e9ritif, produits de la mer, viandes blanches<\/li>\n<\/ul>\n<p>Classification :<\/p>\n<ul>\n<li>Degr\u00e9 : 12,5% vol.<\/li>\n<li>Dosage : 10 g\/l.<\/li>\n<li>Beaujolais de qualit\u00e9.<\/li>\n<li>Produit en France.<\/li>\n<\/ul>\n<p>&nbsp;<\/p>\n","protected":false},"excerpt":{"rendered":"<p>Beaujolais &#8211; Instant Bonoeur est un vin blanc de qualit\u00e9 \u00e9labor\u00e9 en France<\/p>\n<p>Oedora R\u00e9coltant. Blanc &#8211; 2017 &#8211; 75 cl<\/p>\n<p>&nbsp;<\/p>\n","protected":false},"featured_media":1900,"comment_status":"closed","ping_status":"closed","template":"","meta":{"site-sidebar-layout":"default","site-content-layout":"","ast-site-content-layout":"default","site-content-style":"default","site-sidebar-style":"default","ast-global-header-display":"","ast-banner-title-visibility":"","ast-main-header-display":"","ast-hfb-above-header-display":"","ast-hfb-below-header-display":"","ast-hfb-mobile-header-display":"","site-post-title":"","ast-breadcrumbs-content":"","ast-featured-img":"","footer-sml-layout":"","ast-disable-related-posts":"","theme-transparent-header-meta":"default","adv-header-id-meta":"","stick-header-meta":"","header-above-stick-meta":"","header-main-stick-meta":"","header-below-stick-meta":"","astra-migrate-meta-layouts":"set","ast-page-background-enabled":"default","ast-page-background-meta":{"desktop":{"background-color":"","background-image":"","background-repeat":"repeat","background-position":"center center","background-size":"auto","background-attachment":"scroll","background-type":"","background-media":"","overlay-type":"","overlay-color":"","overlay-opacity":"","overlay-gradient":""},"tablet":{"background-color":"","background-image":"","background-repeat":"repeat","background-position":"center center","background-size":"auto","background-attachment":"scroll","background-type":"","background-media":"","overlay-type":"","overlay-color":"","overlay-opacity":"","overlay-gradient":""},"mobile":{"background-color":"","background-image":"","background-repeat":"repeat","background-position":"center center","background-size":"auto","background-attachment":"scroll","background-type":"","background-media":"","overlay-type":"","overlay-color":"","overlay-opacity":"","overlay-gradient":""}},"ast-content-background-meta":{"desktop":{"background-color":"var(--ast-global-color-5)","background-image":"","background-repeat":"repeat","background-position":"center center","background-size":"auto","background-attachment":"scroll","background-type":"","background-media":"","overlay-type":"","overlay-color":"","overlay-opacity":"","overlay-gradient":""},"tablet":{"background-color":"var(--ast-global-color-5)","background-image":"","background-repeat":"repeat","background-position":"center center","background-size":"auto","background-attachment":"scroll","background-type":"","background-media":"","overlay-type":"","overlay-color":"","overlay-opacity":"","overlay-gradient":""},"mobile":{"background-color":"var(--ast-global-color-5)","background-image":"","background-repeat":"repeat","background-position":"center center","background-size":"auto","background-attachment":"scroll","background-type":"","background-media":"","overlay-type":"","overlay-color":"","overlay-opacity":"","overlay-gradient":""}}},"product_brand":[],"product_cat":[137],"product_tag":[],"class_list":{"0":"post-826","1":"product","2":"type-product","3":"status-publish","4":"has-post-thumbnail","6":"product_cat-blancs","7":"desktop-align-left","8":"tablet-align-left","9":"mobile-align-left","11":"first","12":"instock","13":"taxable","14":"shipping-taxable","15":"purchasable","16":"product-type-simple"},"yoast_head":"<!-- This site is optimized with the Yoast SEO plugin v26.9 - https:\/\/yoast.com\/product\/yoast-seo-wordpress\/ -->\n<title>Beaujolais ~ Instant Bonheur ~ Oedoria r\u00e9coltant ~ Vin blanc fruit\u00e9 naturel ~ 12,5\u00b0 - 2D Distribution<\/title>\n<meta name=\"robots\" content=\"index, follow, max-snippet:-1, max-image-preview:large, max-video-preview:-1\" \/>\n<link rel=\"canonical\" href=\"https:\/\/www.2d-distribution-ardres.com\/index.php\/produit\/beaujolais-oedora-recoltant-instant-bonoeur-blanc-sec-naturel-2017\/\" \/>\n<meta property=\"og:locale\" content=\"fr_FR\" \/>\n<meta property=\"og:type\" content=\"article\" \/>\n<meta property=\"og:title\" content=\"Beaujolais ~ Instant Bonheur ~ Oedoria r\u00e9coltant ~ Vin blanc fruit\u00e9 naturel ~ 12,5\u00b0 - 2D Distribution\" \/>\n<meta property=\"og:description\" content=\"Beaujolais - Instant Bonoeur est un vin blanc de qualit\u00e9 \u00e9labor\u00e9 en France  Oedora R\u00e9coltant. Blanc - 2017 - 75 cl  &nbsp;\" \/>\n<meta property=\"og:url\" content=\"https:\/\/www.2d-distribution-ardres.com\/index.php\/produit\/beaujolais-oedora-recoltant-instant-bonoeur-blanc-sec-naturel-2017\/\" \/>\n<meta property=\"og:site_name\" content=\"2D Distribution\" \/>\n<meta property=\"article:publisher\" content=\"https:\/\/www.facebook.com\/p\/2D-Distribution-100068220914486\/?locale=fr_FR\" \/>\n<meta property=\"article:modified_time\" content=\"2024-10-22T02:29:24+00:00\" \/>\n<meta property=\"og:image\" content=\"https:\/\/www.2d-distribution-ardres.com\/wp-content\/uploads\/2023\/12\/112851-scaled.jpg\" \/>\n\t<meta property=\"og:image:width\" content=\"1920\" \/>\n\t<meta property=\"og:image:height\" content=\"2560\" \/>\n\t<meta property=\"og:image:type\" content=\"image\/jpeg\" \/>\n<meta name=\"twitter:card\" content=\"summary_large_image\" \/>\n<meta name=\"twitter:label1\" content=\"Dur\u00e9e de lecture estim\u00e9e\" \/>\n\t<meta name=\"twitter:data1\" content=\"1 minute\" \/>\n<script type=\"application\/ld+json\" class=\"yoast-schema-graph\">{\"@context\":\"https:\/\/schema.org\",\"@graph\":[{\"@type\":\"WebPage\",\"@id\":\"https:\/\/www.2d-distribution-ardres.com\/index.php\/produit\/beaujolais-oedora-recoltant-instant-bonoeur-blanc-sec-naturel-2017\/\",\"url\":\"https:\/\/www.2d-distribution-ardres.com\/index.php\/produit\/beaujolais-oedora-recoltant-instant-bonoeur-blanc-sec-naturel-2017\/\",\"name\":\"Beaujolais ~ Instant Bonheur ~ Oedoria r\u00e9coltant ~ Vin blanc fruit\u00e9 naturel ~ 12,5\u00b0 - 2D Distribution\",\"isPartOf\":{\"@id\":\"https:\/\/www.2d-distribution-ardres.com\/#website\"},\"primaryImageOfPage\":{\"@id\":\"https:\/\/www.2d-distribution-ardres.com\/index.php\/produit\/beaujolais-oedora-recoltant-instant-bonoeur-blanc-sec-naturel-2017\/#primaryimage\"},\"image\":{\"@id\":\"https:\/\/www.2d-distribution-ardres.com\/index.php\/produit\/beaujolais-oedora-recoltant-instant-bonoeur-blanc-sec-naturel-2017\/#primaryimage\"},\"thumbnailUrl\":\"https:\/\/www.2d-distribution-ardres.com\/wp-content\/uploads\/2023\/12\/112851-scaled.jpg\",\"datePublished\":\"2021-01-29T13:45:53+00:00\",\"dateModified\":\"2024-10-22T02:29:24+00:00\",\"breadcrumb\":{\"@id\":\"https:\/\/www.2d-distribution-ardres.com\/index.php\/produit\/beaujolais-oedora-recoltant-instant-bonoeur-blanc-sec-naturel-2017\/#breadcrumb\"},\"inLanguage\":\"fr-FR\",\"potentialAction\":[{\"@type\":\"ReadAction\",\"target\":[\"https:\/\/www.2d-distribution-ardres.com\/index.php\/produit\/beaujolais-oedora-recoltant-instant-bonoeur-blanc-sec-naturel-2017\/\"]}]},{\"@type\":\"ImageObject\",\"inLanguage\":\"fr-FR\",\"@id\":\"https:\/\/www.2d-distribution-ardres.com\/index.php\/produit\/beaujolais-oedora-recoltant-instant-bonoeur-blanc-sec-naturel-2017\/#primaryimage\",\"url\":\"https:\/\/www.2d-distribution-ardres.com\/wp-content\/uploads\/2023\/12\/112851-scaled.jpg\",\"contentUrl\":\"https:\/\/www.2d-distribution-ardres.com\/wp-content\/uploads\/2023\/12\/112851-scaled.jpg\",\"width\":1920,\"height\":2560,\"caption\":\"binary comment\"},{\"@type\":\"BreadcrumbList\",\"@id\":\"https:\/\/www.2d-distribution-ardres.com\/index.php\/produit\/beaujolais-oedora-recoltant-instant-bonoeur-blanc-sec-naturel-2017\/#breadcrumb\",\"itemListElement\":[{\"@type\":\"ListItem\",\"position\":1,\"name\":\"Accueil\",\"item\":\"https:\/\/www.2d-distribution-ardres.com\/\"},{\"@type\":\"ListItem\",\"position\":2,\"name\":\"Shop\",\"item\":\"https:\/\/www.2d-distribution-ardres.com\/index.php\/shop\/\"},{\"@type\":\"ListItem\",\"position\":3,\"name\":\"Beaujolais ~ Instant Bonoeur ~ Oedoria r\u00e9coltant ~ vin Blanc sec naturel ~ 2017 ~ 12,5\u00b0\"}]},{\"@type\":\"WebSite\",\"@id\":\"https:\/\/www.2d-distribution-ardres.com\/#website\",\"url\":\"https:\/\/www.2d-distribution-ardres.com\/\",\"name\":\"2D Distribution\",\"description\":\"\",\"publisher\":{\"@id\":\"https:\/\/www.2d-distribution-ardres.com\/#organization\"},\"potentialAction\":[{\"@type\":\"SearchAction\",\"target\":{\"@type\":\"EntryPoint\",\"urlTemplate\":\"https:\/\/www.2d-distribution-ardres.com\/?s={search_term_string}\"},\"query-input\":{\"@type\":\"PropertyValueSpecification\",\"valueRequired\":true,\"valueName\":\"search_term_string\"}}],\"inLanguage\":\"fr-FR\"},{\"@type\":\"Organization\",\"@id\":\"https:\/\/www.2d-distribution-ardres.com\/#organization\",\"name\":\"2D Distribution\",\"url\":\"https:\/\/www.2d-distribution-ardres.com\/\",\"logo\":{\"@type\":\"ImageObject\",\"inLanguage\":\"fr-FR\",\"@id\":\"https:\/\/www.2d-distribution-ardres.com\/#\/schema\/logo\/image\/\",\"url\":\"https:\/\/www.2d-distribution-ardres.com\/wp-content\/uploads\/2023\/12\/2d_distribution_logo-V2-removebg-preview.png\",\"contentUrl\":\"https:\/\/www.2d-distribution-ardres.com\/wp-content\/uploads\/2023\/12\/2d_distribution_logo-V2-removebg-preview.png\",\"width\":300,\"height\":300,\"caption\":\"2D Distribution\"},\"image\":{\"@id\":\"https:\/\/www.2d-distribution-ardres.com\/#\/schema\/logo\/image\/\"},\"sameAs\":[\"https:\/\/www.facebook.com\/p\/2D-Distribution-100068220914486\/?locale=fr_FR\"]}]}<\/script>\n<!-- \/ Yoast SEO plugin. -->","yoast_head_json":{"title":"Beaujolais ~ Instant Bonheur ~ Oedoria r\u00e9coltant ~ Vin blanc fruit\u00e9 naturel ~ 12,5\u00b0 - 2D Distribution","robots":{"index":"index","follow":"follow","max-snippet":"max-snippet:-1","max-image-preview":"max-image-preview:large","max-video-preview":"max-video-preview:-1"},"canonical":"https:\/\/www.2d-distribution-ardres.com\/index.php\/produit\/beaujolais-oedora-recoltant-instant-bonoeur-blanc-sec-naturel-2017\/","og_locale":"fr_FR","og_type":"article","og_title":"Beaujolais ~ Instant Bonheur ~ Oedoria r\u00e9coltant ~ Vin blanc fruit\u00e9 naturel ~ 12,5\u00b0 - 2D Distribution","og_description":"Beaujolais - Instant Bonoeur est un vin blanc de qualit\u00e9 \u00e9labor\u00e9 en France  Oedora R\u00e9coltant. Blanc - 2017 - 75 cl  &nbsp;","og_url":"https:\/\/www.2d-distribution-ardres.com\/index.php\/produit\/beaujolais-oedora-recoltant-instant-bonoeur-blanc-sec-naturel-2017\/","og_site_name":"2D Distribution","article_publisher":"https:\/\/www.facebook.com\/p\/2D-Distribution-100068220914486\/?locale=fr_FR","article_modified_time":"2024-10-22T02:29:24+00:00","og_image":[{"width":1920,"height":2560,"url":"https:\/\/www.2d-distribution-ardres.com\/wp-content\/uploads\/2023\/12\/112851-scaled.jpg","type":"image\/jpeg"}],"twitter_card":"summary_large_image","twitter_misc":{"Dur\u00e9e de lecture estim\u00e9e":"1 minute"},"schema":{"@context":"https:\/\/schema.org","@graph":[{"@type":"WebPage","@id":"https:\/\/www.2d-distribution-ardres.com\/index.php\/produit\/beaujolais-oedora-recoltant-instant-bonoeur-blanc-sec-naturel-2017\/","url":"https:\/\/www.2d-distribution-ardres.com\/index.php\/produit\/beaujolais-oedora-recoltant-instant-bonoeur-blanc-sec-naturel-2017\/","name":"Beaujolais ~ Instant Bonheur ~ Oedoria r\u00e9coltant ~ Vin blanc fruit\u00e9 naturel ~ 12,5\u00b0 - 2D Distribution","isPartOf":{"@id":"https:\/\/www.2d-distribution-ardres.com\/#website"},"primaryImageOfPage":{"@id":"https:\/\/www.2d-distribution-ardres.com\/index.php\/produit\/beaujolais-oedora-recoltant-instant-bonoeur-blanc-sec-naturel-2017\/#primaryimage"},"image":{"@id":"https:\/\/www.2d-distribution-ardres.com\/index.php\/produit\/beaujolais-oedora-recoltant-instant-bonoeur-blanc-sec-naturel-2017\/#primaryimage"},"thumbnailUrl":"https:\/\/www.2d-distribution-ardres.com\/wp-content\/uploads\/2023\/12\/112851-scaled.jpg","datePublished":"2021-01-29T13:45:53+00:00","dateModified":"2024-10-22T02:29:24+00:00","breadcrumb":{"@id":"https:\/\/www.2d-distribution-ardres.com\/index.php\/produit\/beaujolais-oedora-recoltant-instant-bonoeur-blanc-sec-naturel-2017\/#breadcrumb"},"inLanguage":"fr-FR","potentialAction":[{"@type":"ReadAction","target":["https:\/\/www.2d-distribution-ardres.com\/index.php\/produit\/beaujolais-oedora-recoltant-instant-bonoeur-blanc-sec-naturel-2017\/"]}]},{"@type":"ImageObject","inLanguage":"fr-FR","@id":"https:\/\/www.2d-distribution-ardres.com\/index.php\/produit\/beaujolais-oedora-recoltant-instant-bonoeur-blanc-sec-naturel-2017\/#primaryimage","url":"https:\/\/www.2d-distribution-ardres.com\/wp-content\/uploads\/2023\/12\/112851-scaled.jpg","contentUrl":"https:\/\/www.2d-distribution-ardres.com\/wp-content\/uploads\/2023\/12\/112851-scaled.jpg","width":1920,"height":2560,"caption":"binary comment"},{"@type":"BreadcrumbList","@id":"https:\/\/www.2d-distribution-ardres.com\/index.php\/produit\/beaujolais-oedora-recoltant-instant-bonoeur-blanc-sec-naturel-2017\/#breadcrumb","itemListElement":[{"@type":"ListItem","position":1,"name":"Accueil","item":"https:\/\/www.2d-distribution-ardres.com\/"},{"@type":"ListItem","position":2,"name":"Shop","item":"https:\/\/www.2d-distribution-ardres.com\/index.php\/shop\/"},{"@type":"ListItem","position":3,"name":"Beaujolais ~ Instant Bonoeur ~ Oedoria r\u00e9coltant ~ vin Blanc sec naturel ~ 2017 ~ 12,5\u00b0"}]},{"@type":"WebSite","@id":"https:\/\/www.2d-distribution-ardres.com\/#website","url":"https:\/\/www.2d-distribution-ardres.com\/","name":"2D Distribution","description":"","publisher":{"@id":"https:\/\/www.2d-distribution-ardres.com\/#organization"},"potentialAction":[{"@type":"SearchAction","target":{"@type":"EntryPoint","urlTemplate":"https:\/\/www.2d-distribution-ardres.com\/?s={search_term_string}"},"query-input":{"@type":"PropertyValueSpecification","valueRequired":true,"valueName":"search_term_string"}}],"inLanguage":"fr-FR"},{"@type":"Organization","@id":"https:\/\/www.2d-distribution-ardres.com\/#organization","name":"2D Distribution","url":"https:\/\/www.2d-distribution-ardres.com\/","logo":{"@type":"ImageObject","inLanguage":"fr-FR","@id":"https:\/\/www.2d-distribution-ardres.com\/#\/schema\/logo\/image\/","url":"https:\/\/www.2d-distribution-ardres.com\/wp-content\/uploads\/2023\/12\/2d_distribution_logo-V2-removebg-preview.png","contentUrl":"https:\/\/www.2d-distribution-ardres.com\/wp-content\/uploads\/2023\/12\/2d_distribution_logo-V2-removebg-preview.png","width":300,"height":300,"caption":"2D Distribution"},"image":{"@id":"https:\/\/www.2d-distribution-ardres.com\/#\/schema\/logo\/image\/"},"sameAs":["https:\/\/www.facebook.com\/p\/2D-Distribution-100068220914486\/?locale=fr_FR"]}]}},"_links":{"self":[{"href":"https:\/\/www.2d-distribution-ardres.com\/index.php\/wp-json\/wp\/v2\/product\/826","targetHints":{"allow":["GET"]}}],"collection":[{"href":"https:\/\/www.2d-distribution-ardres.com\/index.php\/wp-json\/wp\/v2\/product"}],"about":[{"href":"https:\/\/www.2d-distribution-ardres.com\/index.php\/wp-json\/wp\/v2\/types\/product"}],"replies":[{"embeddable":true,"href":"https:\/\/www.2d-distribution-ardres.com\/index.php\/wp-json\/wp\/v2\/comments?post=826"}],"wp:featuredmedia":[{"embeddable":true,"href":"https:\/\/www.2d-distribution-ardres.com\/index.php\/wp-json\/wp\/v2\/media\/1900"}],"wp:attachment":[{"href":"https:\/\/www.2d-distribution-ardres.com\/index.php\/wp-json\/wp\/v2\/media?parent=826"}],"wp:term":[{"taxonomy":"product_brand","embeddable":true,"href":"https:\/\/www.2d-distribution-ardres.com\/index.php\/wp-json\/wp\/v2\/product_brand?post=826"},{"taxonomy":"product_cat","embeddable":true,"href":"https:\/\/www.2d-distribution-ardres.com\/index.php\/wp-json\/wp\/v2\/product_cat?post=826"},{"taxonomy":"product_tag","embeddable":true,"href":"https:\/\/www.2d-distribution-ardres.com\/index.php\/wp-json\/wp\/v2\/product_tag?post=826"}],"curies":[{"name":"wp","href":"https:\/\/api.w.org\/{rel}","templated":true}]}}