{"id":557,"date":"2020-11-12T12:57:12","date_gmt":"2020-11-12T11:57:12","guid":{"rendered":"https:\/\/www.2d-distribution-ardres.com\/index.php\/produit\/fut-6l-leffe-blonde\/"},"modified":"2026-04-07T15:55:05","modified_gmt":"2026-04-07T13:55:05","slug":"fut-6l-leffe-blonde","status":"publish","type":"product","link":"https:\/\/www.2d-distribution-ardres.com\/index.php\/produit\/fut-6l-leffe-blonde\/","title":{"rendered":"Fut ~ Leffe Blonde ~ 6 L ~ 6,6\u00b0"},"content":{"rendered":"<h2>Description<\/h2>\n<p><em>Une bi\u00e8re blonde d&rsquo;abbaye brass\u00e9e depuis 1240 et que l&rsquo;on ne pr\u00e9sente plus !<\/em><\/p>\n<p>La\u00a0<strong>Leffe blonde<\/strong>\u00a0est une bi\u00e8re belge d&rsquo;abbaye au caract\u00e8re reconnu et \u00e0 la tr\u00e8s solide r\u00e9putation. Elle a su convaincre et s&rsquo;imposer comme une bi\u00e8re de r\u00e9f\u00e9rence au fil des ann\u00e9es et se vend aujourd&rsquo;hui aux quatre coins du monde. Elle est brass\u00e9e par\u00a0<strong>l&rsquo;abba<\/strong><strong>y<\/strong><strong>e de Leffe<\/strong>\u00a0depuis 1240 et a eu de nombreuses occasions de faire ses preuves !<\/p>\n<p>La\u00a0<strong>Leffe blonde<\/strong>\u00a0laisse appara\u00eetre dans le verre une belle robe d&rsquo;un blond cuivr\u00e9, coiff\u00e9e d&rsquo;une mousse onctueuse et persistante \u00e0 la bonne tenue dans le verre. Elle d\u00e9veloppe une belle effervescence mod\u00e9r\u00e9e mais durable. Du verre s&rsquo;\u00e9chappe des ar\u00f4mes malt\u00e9s puissants de c\u00e9r\u00e9ales et de ma\u00efs ainsi que des senteurs de banane et de clou de girofle. En bouche, elle pr\u00e9sente une rondeur malt\u00e9e de caramel, accompagn\u00e9e de saveurs fruit\u00e9es\u00a0et d&rsquo;une pointe \u00e9pic\u00e9e associable \u00e0 la levure. Celui-ci est \u00e0 son tour chass\u00e9 par l&rsquo;alcool qui prend de l&rsquo;ampleur en fin de bouche.<\/p>\n<p>*Verre vendu s\u00e9par\u00e9ment.<\/p>\n<h4>CONSEILS DEGUSTATION<\/h4>\n<p>La\u00a0<strong>Leffe blonde<\/strong>\u00a0s\u2019appr\u00e9cie \u00e0 tout moment de la journ\u00e9e et particuli\u00e8rement \u00e0 l\u2019ap\u00e9ritif. Savourez la Leffe blonde dans son verre Leffe calice.<\/p>\n<p>Ingr\u00e9dients : Eau, Malt d&rsquo;orge, Ma\u00efs, Sucre,\u00a0 Houblon<\/p>\n","protected":false},"excerpt":{"rendered":"<p>Fut ~ Leffe ~ Blonde ~ 6 L ~ 6,6\u00b0<\/p>\n","protected":false},"featured_media":5398,"comment_status":"closed","ping_status":"closed","template":"","meta":{"site-sidebar-layout":"default","site-content-layout":"","ast-site-content-layout":"default","site-content-style":"default","site-sidebar-style":"default","ast-global-header-display":"","ast-banner-title-visibility":"","ast-main-header-display":"","ast-hfb-above-header-display":"","ast-hfb-below-header-display":"","ast-hfb-mobile-header-display":"","site-post-title":"","ast-breadcrumbs-content":"","ast-featured-img":"","footer-sml-layout":"","ast-disable-related-posts":"","theme-transparent-header-meta":"default","adv-header-id-meta":"","stick-header-meta":"","header-above-stick-meta":"","header-main-stick-meta":"","header-below-stick-meta":"","astra-migrate-meta-layouts":"set","ast-page-background-enabled":"default","ast-page-background-meta":{"desktop":{"background-color":"","background-image":"","background-repeat":"repeat","background-position":"center center","background-size":"auto","background-attachment":"scroll","background-type":"","background-media":"","overlay-type":"","overlay-color":"","overlay-opacity":"","overlay-gradient":""},"tablet":{"background-color":"","background-image":"","background-repeat":"repeat","background-position":"center center","background-size":"auto","background-attachment":"scroll","background-type":"","background-media":"","overlay-type":"","overlay-color":"","overlay-opacity":"","overlay-gradient":""},"mobile":{"background-color":"","background-image":"","background-repeat":"repeat","background-position":"center center","background-size":"auto","background-attachment":"scroll","background-type":"","background-media":"","overlay-type":"","overlay-color":"","overlay-opacity":"","overlay-gradient":""}},"ast-content-background-meta":{"desktop":{"background-color":"var(--ast-global-color-5)","background-image":"","background-repeat":"repeat","background-position":"center center","background-size":"auto","background-attachment":"scroll","background-type":"","background-media":"","overlay-type":"","overlay-color":"","overlay-opacity":"","overlay-gradient":""},"tablet":{"background-color":"var(--ast-global-color-5)","background-image":"","background-repeat":"repeat","background-position":"center center","background-size":"auto","background-attachment":"scroll","background-type":"","background-media":"","overlay-type":"","overlay-color":"","overlay-opacity":"","overlay-gradient":""},"mobile":{"background-color":"var(--ast-global-color-5)","background-image":"","background-repeat":"repeat","background-position":"center center","background-size":"auto","background-attachment":"scroll","background-type":"","background-media":"","overlay-type":"","overlay-color":"","overlay-opacity":"","overlay-gradient":""}}},"product_brand":[],"product_cat":[36],"product_tag":[143],"class_list":{"0":"post-557","1":"product","2":"type-product","3":"status-publish","4":"has-post-thumbnail","6":"product_cat-fut-de-biere","7":"product_tag-1-verre-en-cadeau","8":"desktop-align-left","9":"tablet-align-left","10":"mobile-align-left","12":"first","13":"instock","14":"taxable","15":"shipping-taxable","16":"purchasable","17":"product-type-simple"},"yoast_head":"<!-- This site is optimized with the Yoast SEO plugin v26.9 - https:\/\/yoast.com\/product\/yoast-seo-wordpress\/ -->\n<title>Fut ~ Leffe Blonde ~ 6 L ~ 6,6\u00b0 - 2D Distribution<\/title>\n<meta name=\"robots\" content=\"index, follow, max-snippet:-1, max-image-preview:large, max-video-preview:-1\" \/>\n<link rel=\"canonical\" href=\"https:\/\/www.2d-distribution-ardres.com\/index.php\/produit\/fut-6l-leffe-blonde\/\" \/>\n<meta property=\"og:locale\" content=\"fr_FR\" \/>\n<meta property=\"og:type\" content=\"article\" \/>\n<meta property=\"og:title\" content=\"Fut ~ Leffe Blonde ~ 6 L ~ 6,6\u00b0 - 2D Distribution\" \/>\n<meta property=\"og:description\" content=\"Fut ~ Leffe ~ Blonde ~ 6 L ~ 6,6\u00b0\" \/>\n<meta property=\"og:url\" content=\"https:\/\/www.2d-distribution-ardres.com\/index.php\/produit\/fut-6l-leffe-blonde\/\" \/>\n<meta property=\"og:site_name\" content=\"2D Distribution\" \/>\n<meta property=\"article:publisher\" content=\"https:\/\/www.facebook.com\/p\/2D-Distribution-100068220914486\/?locale=fr_FR\" \/>\n<meta property=\"article:modified_time\" content=\"2026-04-07T13:55:05+00:00\" \/>\n<meta property=\"og:image\" content=\"https:\/\/www.2d-distribution-ardres.com\/wp-content\/uploads\/2020\/11\/fut-leffe-blondemagento.webp\" \/>\n\t<meta property=\"og:image:width\" content=\"700\" \/>\n\t<meta property=\"og:image:height\" content=\"700\" \/>\n\t<meta property=\"og:image:type\" content=\"image\/webp\" \/>\n<meta name=\"twitter:card\" content=\"summary_large_image\" \/>\n<meta name=\"twitter:label1\" content=\"Dur\u00e9e de lecture estim\u00e9e\" \/>\n\t<meta name=\"twitter:data1\" content=\"1 minute\" \/>\n<script type=\"application\/ld+json\" class=\"yoast-schema-graph\">{\"@context\":\"https:\/\/schema.org\",\"@graph\":[{\"@type\":\"WebPage\",\"@id\":\"https:\/\/www.2d-distribution-ardres.com\/index.php\/produit\/fut-6l-leffe-blonde\/\",\"url\":\"https:\/\/www.2d-distribution-ardres.com\/index.php\/produit\/fut-6l-leffe-blonde\/\",\"name\":\"Fut ~ Leffe Blonde ~ 6 L ~ 6,6\u00b0 - 2D Distribution\",\"isPartOf\":{\"@id\":\"https:\/\/www.2d-distribution-ardres.com\/#website\"},\"primaryImageOfPage\":{\"@id\":\"https:\/\/www.2d-distribution-ardres.com\/index.php\/produit\/fut-6l-leffe-blonde\/#primaryimage\"},\"image\":{\"@id\":\"https:\/\/www.2d-distribution-ardres.com\/index.php\/produit\/fut-6l-leffe-blonde\/#primaryimage\"},\"thumbnailUrl\":\"https:\/\/www.2d-distribution-ardres.com\/wp-content\/uploads\/2020\/11\/fut-leffe-blondemagento.webp\",\"datePublished\":\"2020-11-12T11:57:12+00:00\",\"dateModified\":\"2026-04-07T13:55:05+00:00\",\"breadcrumb\":{\"@id\":\"https:\/\/www.2d-distribution-ardres.com\/index.php\/produit\/fut-6l-leffe-blonde\/#breadcrumb\"},\"inLanguage\":\"fr-FR\",\"potentialAction\":[{\"@type\":\"ReadAction\",\"target\":[\"https:\/\/www.2d-distribution-ardres.com\/index.php\/produit\/fut-6l-leffe-blonde\/\"]}]},{\"@type\":\"ImageObject\",\"inLanguage\":\"fr-FR\",\"@id\":\"https:\/\/www.2d-distribution-ardres.com\/index.php\/produit\/fut-6l-leffe-blonde\/#primaryimage\",\"url\":\"https:\/\/www.2d-distribution-ardres.com\/wp-content\/uploads\/2020\/11\/fut-leffe-blondemagento.webp\",\"contentUrl\":\"https:\/\/www.2d-distribution-ardres.com\/wp-content\/uploads\/2020\/11\/fut-leffe-blondemagento.webp\",\"width\":700,\"height\":700},{\"@type\":\"BreadcrumbList\",\"@id\":\"https:\/\/www.2d-distribution-ardres.com\/index.php\/produit\/fut-6l-leffe-blonde\/#breadcrumb\",\"itemListElement\":[{\"@type\":\"ListItem\",\"position\":1,\"name\":\"Accueil\",\"item\":\"https:\/\/www.2d-distribution-ardres.com\/\"},{\"@type\":\"ListItem\",\"position\":2,\"name\":\"Shop\",\"item\":\"https:\/\/www.2d-distribution-ardres.com\/index.php\/shop\/\"},{\"@type\":\"ListItem\",\"position\":3,\"name\":\"Fut ~ Leffe Blonde ~ 6 L ~ 6,6\u00b0\"}]},{\"@type\":\"WebSite\",\"@id\":\"https:\/\/www.2d-distribution-ardres.com\/#website\",\"url\":\"https:\/\/www.2d-distribution-ardres.com\/\",\"name\":\"2D Distribution\",\"description\":\"\",\"publisher\":{\"@id\":\"https:\/\/www.2d-distribution-ardres.com\/#organization\"},\"potentialAction\":[{\"@type\":\"SearchAction\",\"target\":{\"@type\":\"EntryPoint\",\"urlTemplate\":\"https:\/\/www.2d-distribution-ardres.com\/?s={search_term_string}\"},\"query-input\":{\"@type\":\"PropertyValueSpecification\",\"valueRequired\":true,\"valueName\":\"search_term_string\"}}],\"inLanguage\":\"fr-FR\"},{\"@type\":\"Organization\",\"@id\":\"https:\/\/www.2d-distribution-ardres.com\/#organization\",\"name\":\"2D Distribution\",\"url\":\"https:\/\/www.2d-distribution-ardres.com\/\",\"logo\":{\"@type\":\"ImageObject\",\"inLanguage\":\"fr-FR\",\"@id\":\"https:\/\/www.2d-distribution-ardres.com\/#\/schema\/logo\/image\/\",\"url\":\"https:\/\/www.2d-distribution-ardres.com\/wp-content\/uploads\/2023\/12\/2d_distribution_logo-V2-removebg-preview.png\",\"contentUrl\":\"https:\/\/www.2d-distribution-ardres.com\/wp-content\/uploads\/2023\/12\/2d_distribution_logo-V2-removebg-preview.png\",\"width\":300,\"height\":300,\"caption\":\"2D Distribution\"},\"image\":{\"@id\":\"https:\/\/www.2d-distribution-ardres.com\/#\/schema\/logo\/image\/\"},\"sameAs\":[\"https:\/\/www.facebook.com\/p\/2D-Distribution-100068220914486\/?locale=fr_FR\"]}]}<\/script>\n<!-- \/ Yoast SEO plugin. -->","yoast_head_json":{"title":"Fut ~ Leffe Blonde ~ 6 L ~ 6,6\u00b0 - 2D Distribution","robots":{"index":"index","follow":"follow","max-snippet":"max-snippet:-1","max-image-preview":"max-image-preview:large","max-video-preview":"max-video-preview:-1"},"canonical":"https:\/\/www.2d-distribution-ardres.com\/index.php\/produit\/fut-6l-leffe-blonde\/","og_locale":"fr_FR","og_type":"article","og_title":"Fut ~ Leffe Blonde ~ 6 L ~ 6,6\u00b0 - 2D Distribution","og_description":"Fut ~ Leffe ~ Blonde ~ 6 L ~ 6,6\u00b0","og_url":"https:\/\/www.2d-distribution-ardres.com\/index.php\/produit\/fut-6l-leffe-blonde\/","og_site_name":"2D Distribution","article_publisher":"https:\/\/www.facebook.com\/p\/2D-Distribution-100068220914486\/?locale=fr_FR","article_modified_time":"2026-04-07T13:55:05+00:00","og_image":[{"width":700,"height":700,"url":"https:\/\/www.2d-distribution-ardres.com\/wp-content\/uploads\/2020\/11\/fut-leffe-blondemagento.webp","type":"image\/webp"}],"twitter_card":"summary_large_image","twitter_misc":{"Dur\u00e9e de lecture estim\u00e9e":"1 minute"},"schema":{"@context":"https:\/\/schema.org","@graph":[{"@type":"WebPage","@id":"https:\/\/www.2d-distribution-ardres.com\/index.php\/produit\/fut-6l-leffe-blonde\/","url":"https:\/\/www.2d-distribution-ardres.com\/index.php\/produit\/fut-6l-leffe-blonde\/","name":"Fut ~ Leffe Blonde ~ 6 L ~ 6,6\u00b0 - 2D Distribution","isPartOf":{"@id":"https:\/\/www.2d-distribution-ardres.com\/#website"},"primaryImageOfPage":{"@id":"https:\/\/www.2d-distribution-ardres.com\/index.php\/produit\/fut-6l-leffe-blonde\/#primaryimage"},"image":{"@id":"https:\/\/www.2d-distribution-ardres.com\/index.php\/produit\/fut-6l-leffe-blonde\/#primaryimage"},"thumbnailUrl":"https:\/\/www.2d-distribution-ardres.com\/wp-content\/uploads\/2020\/11\/fut-leffe-blondemagento.webp","datePublished":"2020-11-12T11:57:12+00:00","dateModified":"2026-04-07T13:55:05+00:00","breadcrumb":{"@id":"https:\/\/www.2d-distribution-ardres.com\/index.php\/produit\/fut-6l-leffe-blonde\/#breadcrumb"},"inLanguage":"fr-FR","potentialAction":[{"@type":"ReadAction","target":["https:\/\/www.2d-distribution-ardres.com\/index.php\/produit\/fut-6l-leffe-blonde\/"]}]},{"@type":"ImageObject","inLanguage":"fr-FR","@id":"https:\/\/www.2d-distribution-ardres.com\/index.php\/produit\/fut-6l-leffe-blonde\/#primaryimage","url":"https:\/\/www.2d-distribution-ardres.com\/wp-content\/uploads\/2020\/11\/fut-leffe-blondemagento.webp","contentUrl":"https:\/\/www.2d-distribution-ardres.com\/wp-content\/uploads\/2020\/11\/fut-leffe-blondemagento.webp","width":700,"height":700},{"@type":"BreadcrumbList","@id":"https:\/\/www.2d-distribution-ardres.com\/index.php\/produit\/fut-6l-leffe-blonde\/#breadcrumb","itemListElement":[{"@type":"ListItem","position":1,"name":"Accueil","item":"https:\/\/www.2d-distribution-ardres.com\/"},{"@type":"ListItem","position":2,"name":"Shop","item":"https:\/\/www.2d-distribution-ardres.com\/index.php\/shop\/"},{"@type":"ListItem","position":3,"name":"Fut ~ Leffe Blonde ~ 6 L ~ 6,6\u00b0"}]},{"@type":"WebSite","@id":"https:\/\/www.2d-distribution-ardres.com\/#website","url":"https:\/\/www.2d-distribution-ardres.com\/","name":"2D Distribution","description":"","publisher":{"@id":"https:\/\/www.2d-distribution-ardres.com\/#organization"},"potentialAction":[{"@type":"SearchAction","target":{"@type":"EntryPoint","urlTemplate":"https:\/\/www.2d-distribution-ardres.com\/?s={search_term_string}"},"query-input":{"@type":"PropertyValueSpecification","valueRequired":true,"valueName":"search_term_string"}}],"inLanguage":"fr-FR"},{"@type":"Organization","@id":"https:\/\/www.2d-distribution-ardres.com\/#organization","name":"2D Distribution","url":"https:\/\/www.2d-distribution-ardres.com\/","logo":{"@type":"ImageObject","inLanguage":"fr-FR","@id":"https:\/\/www.2d-distribution-ardres.com\/#\/schema\/logo\/image\/","url":"https:\/\/www.2d-distribution-ardres.com\/wp-content\/uploads\/2023\/12\/2d_distribution_logo-V2-removebg-preview.png","contentUrl":"https:\/\/www.2d-distribution-ardres.com\/wp-content\/uploads\/2023\/12\/2d_distribution_logo-V2-removebg-preview.png","width":300,"height":300,"caption":"2D Distribution"},"image":{"@id":"https:\/\/www.2d-distribution-ardres.com\/#\/schema\/logo\/image\/"},"sameAs":["https:\/\/www.facebook.com\/p\/2D-Distribution-100068220914486\/?locale=fr_FR"]}]}},"_links":{"self":[{"href":"https:\/\/www.2d-distribution-ardres.com\/index.php\/wp-json\/wp\/v2\/product\/557","targetHints":{"allow":["GET"]}}],"collection":[{"href":"https:\/\/www.2d-distribution-ardres.com\/index.php\/wp-json\/wp\/v2\/product"}],"about":[{"href":"https:\/\/www.2d-distribution-ardres.com\/index.php\/wp-json\/wp\/v2\/types\/product"}],"replies":[{"embeddable":true,"href":"https:\/\/www.2d-distribution-ardres.com\/index.php\/wp-json\/wp\/v2\/comments?post=557"}],"wp:featuredmedia":[{"embeddable":true,"href":"https:\/\/www.2d-distribution-ardres.com\/index.php\/wp-json\/wp\/v2\/media\/5398"}],"wp:attachment":[{"href":"https:\/\/www.2d-distribution-ardres.com\/index.php\/wp-json\/wp\/v2\/media?parent=557"}],"wp:term":[{"taxonomy":"product_brand","embeddable":true,"href":"https:\/\/www.2d-distribution-ardres.com\/index.php\/wp-json\/wp\/v2\/product_brand?post=557"},{"taxonomy":"product_cat","embeddable":true,"href":"https:\/\/www.2d-distribution-ardres.com\/index.php\/wp-json\/wp\/v2\/product_cat?post=557"},{"taxonomy":"product_tag","embeddable":true,"href":"https:\/\/www.2d-distribution-ardres.com\/index.php\/wp-json\/wp\/v2\/product_tag?post=557"}],"curies":[{"name":"wp","href":"https:\/\/api.w.org\/{rel}","templated":true}]}}