{"id":5416,"date":"2024-10-19T01:49:09","date_gmt":"2024-10-18T23:49:09","guid":{"rendered":"https:\/\/www.2d-distribution-ardres.com\/?post_type=product&#038;p=5416"},"modified":"2024-10-19T01:49:10","modified_gmt":"2024-10-18T23:49:10","slug":"fut-lowenbrau-6l-52","status":"publish","type":"product","link":"https:\/\/www.2d-distribution-ardres.com\/index.php\/produit\/fut-lowenbrau-6l-52\/","title":{"rendered":"Fut ~ L\u00f6wenbr\u00e4u ~ 6L ~ 5,2%"},"content":{"rendered":"<h2>Description<\/h2>\n<p><strong>L&rsquo;une des 6 bi\u00e8res d&rsquo;exception servies \u00e0 l&rsquo;Oktoberfest de M\u00fcnich en f\u00fbt de bi\u00e8re PerfectDraft !<\/strong><\/p>\n<p><strong>Pr\u00e9sentation<\/strong><br \/>\nParmi sa large gamme de bi\u00e8res chez PerfectDraft, il y a la L\u00f6wenbr\u00e4u, une bi\u00e8re au long pass\u00e9 brassicole qui s&rsquo;inscrit dans le plus pur style munichois.<\/p>\n<p>Cette bi\u00e8re, dont le nom signifie \u00ab brassin du lion \u00bb, \u00e0 \u00e9t\u00e9 brass\u00e9e pour la premi\u00e8re fois en 1383, dans une auberge de Bavi\u00e8re baptis\u00e9e Zum L\u00f6wen (\u00ab Au lion \u00bb ). C&rsquo;est aujourd&rsquo;hui l&rsquo;une des 6 bi\u00e8res servies pendant la traditionnelle Oktoberfest, la f\u00eate de la bi\u00e8re qui attire chaque ann\u00e9e plusieurs millions de personnes dans la capitale du Sud de l&rsquo;Allemagne.<\/p>\n<p>Brass\u00e9e avec du froment, de la levure d&rsquo;ale L\u00f6wenbr\u00e4u, de l&rsquo;orge de printemps et du houblon Jallertau, la L\u00f6wenbr\u00e4u est une bi\u00e8re affichant dans le verre une robe d&rsquo;un jaune limpide, qui se couvre d&rsquo;une belle mousse cr\u00e9meuse et persistante. Elle d\u00e9veloppe dans le nez un joli bouquet aromatique herbac\u00e9 et sucr\u00e9 offrant un bon compromis entre malt et houblon.<\/p>\n<p>En bouche, on retrouve une bi\u00e8re tr\u00e8s d\u00e9salt\u00e9rante qui accompagne parfaitement les chaudes journ\u00e9es d&rsquo;\u00e9t\u00e9 comme les repas conviviaux. La L\u00f6wenbr\u00e4u propose au palais des saveurs herbac\u00e9es de houblon, qui apportent une belle amertume \u00e0 la d\u00e9gustation et sont suivies de saveurs malt\u00e9es en arri\u00e8re bouche, qui viennent adoucir et arrondir une bi\u00e8re bien \u00e9quilibr\u00e9e.<\/p>\n<p>Une Lowenbr\u00e4u se d\u00e9guste encore mieux en pression, uniquement avec une tireuse \u00e0 bi\u00e8re.<\/p>\n<p>*Verre vendu s\u00e9par\u00e9ment.<\/p>\n<p>Ingr\u00e9dients : Eau, Malt, Houblon, Levure<\/p>\n<p><strong>CONSEILS DEGUSTATION<\/strong><br \/>\nAfin de sublimer sa d\u00e9gustation, d\u00e9gustez-la fra\u00eeche, \u00e0 une temp\u00e9rature d&rsquo;environ 3 \u00e0 6\u00b0C dans son verre associ\u00e9.<\/p>\n","protected":false},"excerpt":{"rendered":"<p>Description L&rsquo;une des 6 bi\u00e8res d&rsquo;exception servies \u00e0 l&rsquo;Oktoberfest de M\u00fcnich en f\u00fbt de bi\u00e8re PerfectDraft ! Pr\u00e9sentation Parmi sa large gamme de bi\u00e8res chez PerfectDraft, il y a la L\u00f6wenbr\u00e4u, une bi\u00e8re au long pass\u00e9 brassicole qui s&rsquo;inscrit dans le plus pur style munichois. Cette bi\u00e8re, dont le nom signifie \u00ab brassin du lion [&hellip;]<\/p>\n","protected":false},"featured_media":5417,"comment_status":"open","ping_status":"closed","template":"","meta":{"site-sidebar-layout":"default","site-content-layout":"","ast-site-content-layout":"default","site-content-style":"default","site-sidebar-style":"default","ast-global-header-display":"","ast-banner-title-visibility":"","ast-main-header-display":"","ast-hfb-above-header-display":"","ast-hfb-below-header-display":"","ast-hfb-mobile-header-display":"","site-post-title":"","ast-breadcrumbs-content":"","ast-featured-img":"","footer-sml-layout":"","ast-disable-related-posts":"","theme-transparent-header-meta":"default","adv-header-id-meta":"","stick-header-meta":"","header-above-stick-meta":"","header-main-stick-meta":"","header-below-stick-meta":"","astra-migrate-meta-layouts":"set","ast-page-background-enabled":"default","ast-page-background-meta":{"desktop":{"background-color":"","background-image":"","background-repeat":"repeat","background-position":"center center","background-size":"auto","background-attachment":"scroll","background-type":"","background-media":"","overlay-type":"","overlay-color":"","overlay-opacity":"","overlay-gradient":""},"tablet":{"background-color":"","background-image":"","background-repeat":"repeat","background-position":"center center","background-size":"auto","background-attachment":"scroll","background-type":"","background-media":"","overlay-type":"","overlay-color":"","overlay-opacity":"","overlay-gradient":""},"mobile":{"background-color":"","background-image":"","background-repeat":"repeat","background-position":"center center","background-size":"auto","background-attachment":"scroll","background-type":"","background-media":"","overlay-type":"","overlay-color":"","overlay-opacity":"","overlay-gradient":""}},"ast-content-background-meta":{"desktop":{"background-color":"var(--ast-global-color-5)","background-image":"","background-repeat":"repeat","background-position":"center center","background-size":"auto","background-attachment":"scroll","background-type":"","background-media":"","overlay-type":"","overlay-color":"","overlay-opacity":"","overlay-gradient":""},"tablet":{"background-color":"var(--ast-global-color-5)","background-image":"","background-repeat":"repeat","background-position":"center center","background-size":"auto","background-attachment":"scroll","background-type":"","background-media":"","overlay-type":"","overlay-color":"","overlay-opacity":"","overlay-gradient":""},"mobile":{"background-color":"var(--ast-global-color-5)","background-image":"","background-repeat":"repeat","background-position":"center center","background-size":"auto","background-attachment":"scroll","background-type":"","background-media":"","overlay-type":"","overlay-color":"","overlay-opacity":"","overlay-gradient":""}}},"product_brand":[],"product_cat":[36],"product_tag":[],"class_list":{"0":"post-5416","1":"product","2":"type-product","3":"status-publish","4":"has-post-thumbnail","6":"product_cat-fut-de-biere","7":"desktop-align-left","8":"tablet-align-left","9":"mobile-align-left","11":"first","12":"instock","13":"taxable","14":"shipping-taxable","15":"purchasable","16":"product-type-simple"},"yoast_head":"<!-- This site is optimized with the Yoast SEO plugin v26.9 - https:\/\/yoast.com\/product\/yoast-seo-wordpress\/ -->\n<title>Fut ~ L\u00f6wenbr\u00e4u ~ 6L ~ 5,2% - 2D Distribution<\/title>\n<meta name=\"robots\" content=\"index, follow, max-snippet:-1, max-image-preview:large, max-video-preview:-1\" \/>\n<link rel=\"canonical\" href=\"https:\/\/www.2d-distribution-ardres.com\/index.php\/produit\/fut-lowenbrau-6l-52\/\" \/>\n<meta property=\"og:locale\" content=\"fr_FR\" \/>\n<meta property=\"og:type\" content=\"article\" \/>\n<meta property=\"og:title\" content=\"Fut ~ L\u00f6wenbr\u00e4u ~ 6L ~ 5,2% - 2D Distribution\" \/>\n<meta property=\"og:description\" content=\"Description L&rsquo;une des 6 bi\u00e8res d&rsquo;exception servies \u00e0 l&rsquo;Oktoberfest de M\u00fcnich en f\u00fbt de bi\u00e8re PerfectDraft ! Pr\u00e9sentation Parmi sa large gamme de bi\u00e8res chez PerfectDraft, il y a la L\u00f6wenbr\u00e4u, une bi\u00e8re au long pass\u00e9 brassicole qui s&rsquo;inscrit dans le plus pur style munichois. Cette bi\u00e8re, dont le nom signifie \u00ab brassin du lion [&hellip;]\" \/>\n<meta property=\"og:url\" content=\"https:\/\/www.2d-distribution-ardres.com\/index.php\/produit\/fut-lowenbrau-6l-52\/\" \/>\n<meta property=\"og:site_name\" content=\"2D Distribution\" \/>\n<meta property=\"article:publisher\" content=\"https:\/\/www.facebook.com\/p\/2D-Distribution-100068220914486\/?locale=fr_FR\" \/>\n<meta property=\"article:modified_time\" content=\"2024-10-18T23:49:10+00:00\" \/>\n<meta property=\"og:image\" content=\"https:\/\/www.2d-distribution-ardres.com\/wp-content\/uploads\/2024\/10\/rs-fut-lowenbraumagento.webp\" \/>\n\t<meta property=\"og:image:width\" content=\"700\" \/>\n\t<meta property=\"og:image:height\" content=\"700\" \/>\n\t<meta property=\"og:image:type\" content=\"image\/webp\" \/>\n<meta name=\"twitter:card\" content=\"summary_large_image\" \/>\n<meta name=\"twitter:label1\" content=\"Dur\u00e9e de lecture estim\u00e9e\" \/>\n\t<meta name=\"twitter:data1\" content=\"2 minutes\" \/>\n<script type=\"application\/ld+json\" class=\"yoast-schema-graph\">{\"@context\":\"https:\/\/schema.org\",\"@graph\":[{\"@type\":\"WebPage\",\"@id\":\"https:\/\/www.2d-distribution-ardres.com\/index.php\/produit\/fut-lowenbrau-6l-52\/\",\"url\":\"https:\/\/www.2d-distribution-ardres.com\/index.php\/produit\/fut-lowenbrau-6l-52\/\",\"name\":\"Fut ~ L\u00f6wenbr\u00e4u ~ 6L ~ 5,2% - 2D Distribution\",\"isPartOf\":{\"@id\":\"https:\/\/www.2d-distribution-ardres.com\/#website\"},\"primaryImageOfPage\":{\"@id\":\"https:\/\/www.2d-distribution-ardres.com\/index.php\/produit\/fut-lowenbrau-6l-52\/#primaryimage\"},\"image\":{\"@id\":\"https:\/\/www.2d-distribution-ardres.com\/index.php\/produit\/fut-lowenbrau-6l-52\/#primaryimage\"},\"thumbnailUrl\":\"https:\/\/www.2d-distribution-ardres.com\/wp-content\/uploads\/2024\/10\/rs-fut-lowenbraumagento.webp\",\"datePublished\":\"2024-10-18T23:49:09+00:00\",\"dateModified\":\"2024-10-18T23:49:10+00:00\",\"breadcrumb\":{\"@id\":\"https:\/\/www.2d-distribution-ardres.com\/index.php\/produit\/fut-lowenbrau-6l-52\/#breadcrumb\"},\"inLanguage\":\"fr-FR\",\"potentialAction\":[{\"@type\":\"ReadAction\",\"target\":[\"https:\/\/www.2d-distribution-ardres.com\/index.php\/produit\/fut-lowenbrau-6l-52\/\"]}]},{\"@type\":\"ImageObject\",\"inLanguage\":\"fr-FR\",\"@id\":\"https:\/\/www.2d-distribution-ardres.com\/index.php\/produit\/fut-lowenbrau-6l-52\/#primaryimage\",\"url\":\"https:\/\/www.2d-distribution-ardres.com\/wp-content\/uploads\/2024\/10\/rs-fut-lowenbraumagento.webp\",\"contentUrl\":\"https:\/\/www.2d-distribution-ardres.com\/wp-content\/uploads\/2024\/10\/rs-fut-lowenbraumagento.webp\",\"width\":700,\"height\":700},{\"@type\":\"BreadcrumbList\",\"@id\":\"https:\/\/www.2d-distribution-ardres.com\/index.php\/produit\/fut-lowenbrau-6l-52\/#breadcrumb\",\"itemListElement\":[{\"@type\":\"ListItem\",\"position\":1,\"name\":\"Accueil\",\"item\":\"https:\/\/www.2d-distribution-ardres.com\/\"},{\"@type\":\"ListItem\",\"position\":2,\"name\":\"Shop\",\"item\":\"https:\/\/www.2d-distribution-ardres.com\/index.php\/shop\/\"},{\"@type\":\"ListItem\",\"position\":3,\"name\":\"Fut ~ L\u00f6wenbr\u00e4u ~ 6L ~ 5,2%\"}]},{\"@type\":\"WebSite\",\"@id\":\"https:\/\/www.2d-distribution-ardres.com\/#website\",\"url\":\"https:\/\/www.2d-distribution-ardres.com\/\",\"name\":\"2D Distribution\",\"description\":\"\",\"publisher\":{\"@id\":\"https:\/\/www.2d-distribution-ardres.com\/#organization\"},\"potentialAction\":[{\"@type\":\"SearchAction\",\"target\":{\"@type\":\"EntryPoint\",\"urlTemplate\":\"https:\/\/www.2d-distribution-ardres.com\/?s={search_term_string}\"},\"query-input\":{\"@type\":\"PropertyValueSpecification\",\"valueRequired\":true,\"valueName\":\"search_term_string\"}}],\"inLanguage\":\"fr-FR\"},{\"@type\":\"Organization\",\"@id\":\"https:\/\/www.2d-distribution-ardres.com\/#organization\",\"name\":\"2D Distribution\",\"url\":\"https:\/\/www.2d-distribution-ardres.com\/\",\"logo\":{\"@type\":\"ImageObject\",\"inLanguage\":\"fr-FR\",\"@id\":\"https:\/\/www.2d-distribution-ardres.com\/#\/schema\/logo\/image\/\",\"url\":\"https:\/\/www.2d-distribution-ardres.com\/wp-content\/uploads\/2023\/12\/2d_distribution_logo-V2-removebg-preview.png\",\"contentUrl\":\"https:\/\/www.2d-distribution-ardres.com\/wp-content\/uploads\/2023\/12\/2d_distribution_logo-V2-removebg-preview.png\",\"width\":300,\"height\":300,\"caption\":\"2D Distribution\"},\"image\":{\"@id\":\"https:\/\/www.2d-distribution-ardres.com\/#\/schema\/logo\/image\/\"},\"sameAs\":[\"https:\/\/www.facebook.com\/p\/2D-Distribution-100068220914486\/?locale=fr_FR\"]}]}<\/script>\n<!-- \/ Yoast SEO plugin. -->","yoast_head_json":{"title":"Fut ~ L\u00f6wenbr\u00e4u ~ 6L ~ 5,2% - 2D Distribution","robots":{"index":"index","follow":"follow","max-snippet":"max-snippet:-1","max-image-preview":"max-image-preview:large","max-video-preview":"max-video-preview:-1"},"canonical":"https:\/\/www.2d-distribution-ardres.com\/index.php\/produit\/fut-lowenbrau-6l-52\/","og_locale":"fr_FR","og_type":"article","og_title":"Fut ~ L\u00f6wenbr\u00e4u ~ 6L ~ 5,2% - 2D Distribution","og_description":"Description L&rsquo;une des 6 bi\u00e8res d&rsquo;exception servies \u00e0 l&rsquo;Oktoberfest de M\u00fcnich en f\u00fbt de bi\u00e8re PerfectDraft ! Pr\u00e9sentation Parmi sa large gamme de bi\u00e8res chez PerfectDraft, il y a la L\u00f6wenbr\u00e4u, une bi\u00e8re au long pass\u00e9 brassicole qui s&rsquo;inscrit dans le plus pur style munichois. Cette bi\u00e8re, dont le nom signifie \u00ab brassin du lion [&hellip;]","og_url":"https:\/\/www.2d-distribution-ardres.com\/index.php\/produit\/fut-lowenbrau-6l-52\/","og_site_name":"2D Distribution","article_publisher":"https:\/\/www.facebook.com\/p\/2D-Distribution-100068220914486\/?locale=fr_FR","article_modified_time":"2024-10-18T23:49:10+00:00","og_image":[{"width":700,"height":700,"url":"https:\/\/www.2d-distribution-ardres.com\/wp-content\/uploads\/2024\/10\/rs-fut-lowenbraumagento.webp","type":"image\/webp"}],"twitter_card":"summary_large_image","twitter_misc":{"Dur\u00e9e de lecture estim\u00e9e":"2 minutes"},"schema":{"@context":"https:\/\/schema.org","@graph":[{"@type":"WebPage","@id":"https:\/\/www.2d-distribution-ardres.com\/index.php\/produit\/fut-lowenbrau-6l-52\/","url":"https:\/\/www.2d-distribution-ardres.com\/index.php\/produit\/fut-lowenbrau-6l-52\/","name":"Fut ~ L\u00f6wenbr\u00e4u ~ 6L ~ 5,2% - 2D Distribution","isPartOf":{"@id":"https:\/\/www.2d-distribution-ardres.com\/#website"},"primaryImageOfPage":{"@id":"https:\/\/www.2d-distribution-ardres.com\/index.php\/produit\/fut-lowenbrau-6l-52\/#primaryimage"},"image":{"@id":"https:\/\/www.2d-distribution-ardres.com\/index.php\/produit\/fut-lowenbrau-6l-52\/#primaryimage"},"thumbnailUrl":"https:\/\/www.2d-distribution-ardres.com\/wp-content\/uploads\/2024\/10\/rs-fut-lowenbraumagento.webp","datePublished":"2024-10-18T23:49:09+00:00","dateModified":"2024-10-18T23:49:10+00:00","breadcrumb":{"@id":"https:\/\/www.2d-distribution-ardres.com\/index.php\/produit\/fut-lowenbrau-6l-52\/#breadcrumb"},"inLanguage":"fr-FR","potentialAction":[{"@type":"ReadAction","target":["https:\/\/www.2d-distribution-ardres.com\/index.php\/produit\/fut-lowenbrau-6l-52\/"]}]},{"@type":"ImageObject","inLanguage":"fr-FR","@id":"https:\/\/www.2d-distribution-ardres.com\/index.php\/produit\/fut-lowenbrau-6l-52\/#primaryimage","url":"https:\/\/www.2d-distribution-ardres.com\/wp-content\/uploads\/2024\/10\/rs-fut-lowenbraumagento.webp","contentUrl":"https:\/\/www.2d-distribution-ardres.com\/wp-content\/uploads\/2024\/10\/rs-fut-lowenbraumagento.webp","width":700,"height":700},{"@type":"BreadcrumbList","@id":"https:\/\/www.2d-distribution-ardres.com\/index.php\/produit\/fut-lowenbrau-6l-52\/#breadcrumb","itemListElement":[{"@type":"ListItem","position":1,"name":"Accueil","item":"https:\/\/www.2d-distribution-ardres.com\/"},{"@type":"ListItem","position":2,"name":"Shop","item":"https:\/\/www.2d-distribution-ardres.com\/index.php\/shop\/"},{"@type":"ListItem","position":3,"name":"Fut ~ L\u00f6wenbr\u00e4u ~ 6L ~ 5,2%"}]},{"@type":"WebSite","@id":"https:\/\/www.2d-distribution-ardres.com\/#website","url":"https:\/\/www.2d-distribution-ardres.com\/","name":"2D Distribution","description":"","publisher":{"@id":"https:\/\/www.2d-distribution-ardres.com\/#organization"},"potentialAction":[{"@type":"SearchAction","target":{"@type":"EntryPoint","urlTemplate":"https:\/\/www.2d-distribution-ardres.com\/?s={search_term_string}"},"query-input":{"@type":"PropertyValueSpecification","valueRequired":true,"valueName":"search_term_string"}}],"inLanguage":"fr-FR"},{"@type":"Organization","@id":"https:\/\/www.2d-distribution-ardres.com\/#organization","name":"2D Distribution","url":"https:\/\/www.2d-distribution-ardres.com\/","logo":{"@type":"ImageObject","inLanguage":"fr-FR","@id":"https:\/\/www.2d-distribution-ardres.com\/#\/schema\/logo\/image\/","url":"https:\/\/www.2d-distribution-ardres.com\/wp-content\/uploads\/2023\/12\/2d_distribution_logo-V2-removebg-preview.png","contentUrl":"https:\/\/www.2d-distribution-ardres.com\/wp-content\/uploads\/2023\/12\/2d_distribution_logo-V2-removebg-preview.png","width":300,"height":300,"caption":"2D Distribution"},"image":{"@id":"https:\/\/www.2d-distribution-ardres.com\/#\/schema\/logo\/image\/"},"sameAs":["https:\/\/www.facebook.com\/p\/2D-Distribution-100068220914486\/?locale=fr_FR"]}]}},"_links":{"self":[{"href":"https:\/\/www.2d-distribution-ardres.com\/index.php\/wp-json\/wp\/v2\/product\/5416","targetHints":{"allow":["GET"]}}],"collection":[{"href":"https:\/\/www.2d-distribution-ardres.com\/index.php\/wp-json\/wp\/v2\/product"}],"about":[{"href":"https:\/\/www.2d-distribution-ardres.com\/index.php\/wp-json\/wp\/v2\/types\/product"}],"replies":[{"embeddable":true,"href":"https:\/\/www.2d-distribution-ardres.com\/index.php\/wp-json\/wp\/v2\/comments?post=5416"}],"wp:featuredmedia":[{"embeddable":true,"href":"https:\/\/www.2d-distribution-ardres.com\/index.php\/wp-json\/wp\/v2\/media\/5417"}],"wp:attachment":[{"href":"https:\/\/www.2d-distribution-ardres.com\/index.php\/wp-json\/wp\/v2\/media?parent=5416"}],"wp:term":[{"taxonomy":"product_brand","embeddable":true,"href":"https:\/\/www.2d-distribution-ardres.com\/index.php\/wp-json\/wp\/v2\/product_brand?post=5416"},{"taxonomy":"product_cat","embeddable":true,"href":"https:\/\/www.2d-distribution-ardres.com\/index.php\/wp-json\/wp\/v2\/product_cat?post=5416"},{"taxonomy":"product_tag","embeddable":true,"href":"https:\/\/www.2d-distribution-ardres.com\/index.php\/wp-json\/wp\/v2\/product_tag?post=5416"}],"curies":[{"name":"wp","href":"https:\/\/api.w.org\/{rel}","templated":true}]}}