{"id":5362,"date":"2024-10-18T21:48:46","date_gmt":"2024-10-18T19:48:46","guid":{"rendered":"https:\/\/www.2d-distribution-ardres.com\/?post_type=product&#038;p=5362"},"modified":"2024-10-27T07:59:13","modified_gmt":"2024-10-27T06:59:13","slug":"whisky-grants-70-cl","status":"publish","type":"product","link":"https:\/\/www.2d-distribution-ardres.com\/index.php\/produit\/whisky-grants-70-cl\/","title":{"rendered":"Whisky ~ Grant&rsquo;s ~ 70 cl ~ 40%"},"content":{"rendered":"<p>Grant&rsquo;s est un blended whisky \u00e9cossais tr\u00e8s appr\u00e9ci\u00e9, aux saveurs riches et fruit\u00e9es, avec un soup\u00e7on subtil de vanille et de ch\u00eane. Il est produit par l&rsquo;entreprise familiale William Grant &amp; Sons dans la pittoresque ville de Girvan, en \u00c9cosse. Go\u00fbtez \u00e0 ce whisky onctueux et profitez d&rsquo;une exp\u00e9rience de d\u00e9gustation exceptionnelle!<\/p>\n","protected":false},"excerpt":{"rendered":"<p>whisky ~ Grant&rsquo;s ~ 70 cl ~ 40%<\/p>\n","protected":false},"featured_media":5363,"comment_status":"open","ping_status":"closed","template":"","meta":{"site-sidebar-layout":"default","site-content-layout":"","ast-site-content-layout":"default","site-content-style":"default","site-sidebar-style":"default","ast-global-header-display":"","ast-banner-title-visibility":"","ast-main-header-display":"","ast-hfb-above-header-display":"","ast-hfb-below-header-display":"","ast-hfb-mobile-header-display":"","site-post-title":"","ast-breadcrumbs-content":"","ast-featured-img":"","footer-sml-layout":"","ast-disable-related-posts":"","theme-transparent-header-meta":"default","adv-header-id-meta":"","stick-header-meta":"","header-above-stick-meta":"","header-main-stick-meta":"","header-below-stick-meta":"","astra-migrate-meta-layouts":"set","ast-page-background-enabled":"default","ast-page-background-meta":{"desktop":{"background-color":"","background-image":"","background-repeat":"repeat","background-position":"center center","background-size":"auto","background-attachment":"scroll","background-type":"","background-media":"","overlay-type":"","overlay-color":"","overlay-opacity":"","overlay-gradient":""},"tablet":{"background-color":"","background-image":"","background-repeat":"repeat","background-position":"center center","background-size":"auto","background-attachment":"scroll","background-type":"","background-media":"","overlay-type":"","overlay-color":"","overlay-opacity":"","overlay-gradient":""},"mobile":{"background-color":"","background-image":"","background-repeat":"repeat","background-position":"center center","background-size":"auto","background-attachment":"scroll","background-type":"","background-media":"","overlay-type":"","overlay-color":"","overlay-opacity":"","overlay-gradient":""}},"ast-content-background-meta":{"desktop":{"background-color":"var(--ast-global-color-5)","background-image":"","background-repeat":"repeat","background-position":"center center","background-size":"auto","background-attachment":"scroll","background-type":"","background-media":"","overlay-type":"","overlay-color":"","overlay-opacity":"","overlay-gradient":""},"tablet":{"background-color":"var(--ast-global-color-5)","background-image":"","background-repeat":"repeat","background-position":"center center","background-size":"auto","background-attachment":"scroll","background-type":"","background-media":"","overlay-type":"","overlay-color":"","overlay-opacity":"","overlay-gradient":""},"mobile":{"background-color":"var(--ast-global-color-5)","background-image":"","background-repeat":"repeat","background-position":"center center","background-size":"auto","background-attachment":"scroll","background-type":"","background-media":"","overlay-type":"","overlay-color":"","overlay-opacity":"","overlay-gradient":""}}},"product_brand":[],"product_cat":[131],"product_tag":[],"class_list":{"0":"post-5362","1":"product","2":"type-product","3":"status-publish","4":"has-post-thumbnail","6":"product_cat-whiskies","7":"desktop-align-left","8":"tablet-align-left","9":"mobile-align-left","11":"first","12":"instock","13":"taxable","14":"shipping-taxable","15":"purchasable","16":"product-type-simple"},"yoast_head":"<!-- This site is optimized with the Yoast SEO plugin v26.9 - https:\/\/yoast.com\/product\/yoast-seo-wordpress\/ -->\n<title>Whisky ~ Grant&#039;s ~ 70 cl ~ 40% - 2D Distribution<\/title>\n<meta name=\"robots\" content=\"index, follow, max-snippet:-1, max-image-preview:large, max-video-preview:-1\" \/>\n<link rel=\"canonical\" href=\"https:\/\/www.2d-distribution-ardres.com\/index.php\/produit\/whisky-grants-70-cl\/\" \/>\n<meta property=\"og:locale\" content=\"fr_FR\" \/>\n<meta property=\"og:type\" content=\"article\" \/>\n<meta property=\"og:title\" content=\"Whisky ~ Grant&#039;s ~ 70 cl ~ 40% - 2D Distribution\" \/>\n<meta property=\"og:description\" content=\"whisky ~ Grant&#039;s ~ 70 cl ~ 40%\" \/>\n<meta property=\"og:url\" content=\"https:\/\/www.2d-distribution-ardres.com\/index.php\/produit\/whisky-grants-70-cl\/\" \/>\n<meta property=\"og:site_name\" content=\"2D Distribution\" \/>\n<meta property=\"article:publisher\" content=\"https:\/\/www.facebook.com\/p\/2D-Distribution-100068220914486\/?locale=fr_FR\" \/>\n<meta property=\"article:modified_time\" content=\"2024-10-27T06:59:13+00:00\" \/>\n<meta property=\"og:image\" content=\"https:\/\/www.2d-distribution-ardres.com\/wp-content\/uploads\/2024\/10\/Grants.webp\" \/>\n\t<meta property=\"og:image:width\" content=\"1500\" \/>\n\t<meta property=\"og:image:height\" content=\"1500\" \/>\n\t<meta property=\"og:image:type\" content=\"image\/webp\" \/>\n<meta name=\"twitter:card\" content=\"summary_large_image\" \/>\n<script type=\"application\/ld+json\" class=\"yoast-schema-graph\">{\"@context\":\"https:\/\/schema.org\",\"@graph\":[{\"@type\":\"WebPage\",\"@id\":\"https:\/\/www.2d-distribution-ardres.com\/index.php\/produit\/whisky-grants-70-cl\/\",\"url\":\"https:\/\/www.2d-distribution-ardres.com\/index.php\/produit\/whisky-grants-70-cl\/\",\"name\":\"Whisky ~ Grant's ~ 70 cl ~ 40% - 2D Distribution\",\"isPartOf\":{\"@id\":\"https:\/\/www.2d-distribution-ardres.com\/#website\"},\"primaryImageOfPage\":{\"@id\":\"https:\/\/www.2d-distribution-ardres.com\/index.php\/produit\/whisky-grants-70-cl\/#primaryimage\"},\"image\":{\"@id\":\"https:\/\/www.2d-distribution-ardres.com\/index.php\/produit\/whisky-grants-70-cl\/#primaryimage\"},\"thumbnailUrl\":\"https:\/\/www.2d-distribution-ardres.com\/wp-content\/uploads\/2024\/10\/Grants.webp\",\"datePublished\":\"2024-10-18T19:48:46+00:00\",\"dateModified\":\"2024-10-27T06:59:13+00:00\",\"breadcrumb\":{\"@id\":\"https:\/\/www.2d-distribution-ardres.com\/index.php\/produit\/whisky-grants-70-cl\/#breadcrumb\"},\"inLanguage\":\"fr-FR\",\"potentialAction\":[{\"@type\":\"ReadAction\",\"target\":[\"https:\/\/www.2d-distribution-ardres.com\/index.php\/produit\/whisky-grants-70-cl\/\"]}]},{\"@type\":\"ImageObject\",\"inLanguage\":\"fr-FR\",\"@id\":\"https:\/\/www.2d-distribution-ardres.com\/index.php\/produit\/whisky-grants-70-cl\/#primaryimage\",\"url\":\"https:\/\/www.2d-distribution-ardres.com\/wp-content\/uploads\/2024\/10\/Grants.webp\",\"contentUrl\":\"https:\/\/www.2d-distribution-ardres.com\/wp-content\/uploads\/2024\/10\/Grants.webp\",\"width\":1500,\"height\":1500},{\"@type\":\"BreadcrumbList\",\"@id\":\"https:\/\/www.2d-distribution-ardres.com\/index.php\/produit\/whisky-grants-70-cl\/#breadcrumb\",\"itemListElement\":[{\"@type\":\"ListItem\",\"position\":1,\"name\":\"Accueil\",\"item\":\"https:\/\/www.2d-distribution-ardres.com\/\"},{\"@type\":\"ListItem\",\"position\":2,\"name\":\"Shop\",\"item\":\"https:\/\/www.2d-distribution-ardres.com\/index.php\/shop\/\"},{\"@type\":\"ListItem\",\"position\":3,\"name\":\"Whisky ~ Grant&rsquo;s ~ 70 cl ~ 40%\"}]},{\"@type\":\"WebSite\",\"@id\":\"https:\/\/www.2d-distribution-ardres.com\/#website\",\"url\":\"https:\/\/www.2d-distribution-ardres.com\/\",\"name\":\"2D Distribution\",\"description\":\"\",\"publisher\":{\"@id\":\"https:\/\/www.2d-distribution-ardres.com\/#organization\"},\"potentialAction\":[{\"@type\":\"SearchAction\",\"target\":{\"@type\":\"EntryPoint\",\"urlTemplate\":\"https:\/\/www.2d-distribution-ardres.com\/?s={search_term_string}\"},\"query-input\":{\"@type\":\"PropertyValueSpecification\",\"valueRequired\":true,\"valueName\":\"search_term_string\"}}],\"inLanguage\":\"fr-FR\"},{\"@type\":\"Organization\",\"@id\":\"https:\/\/www.2d-distribution-ardres.com\/#organization\",\"name\":\"2D Distribution\",\"url\":\"https:\/\/www.2d-distribution-ardres.com\/\",\"logo\":{\"@type\":\"ImageObject\",\"inLanguage\":\"fr-FR\",\"@id\":\"https:\/\/www.2d-distribution-ardres.com\/#\/schema\/logo\/image\/\",\"url\":\"https:\/\/www.2d-distribution-ardres.com\/wp-content\/uploads\/2023\/12\/2d_distribution_logo-V2-removebg-preview.png\",\"contentUrl\":\"https:\/\/www.2d-distribution-ardres.com\/wp-content\/uploads\/2023\/12\/2d_distribution_logo-V2-removebg-preview.png\",\"width\":300,\"height\":300,\"caption\":\"2D Distribution\"},\"image\":{\"@id\":\"https:\/\/www.2d-distribution-ardres.com\/#\/schema\/logo\/image\/\"},\"sameAs\":[\"https:\/\/www.facebook.com\/p\/2D-Distribution-100068220914486\/?locale=fr_FR\"]}]}<\/script>\n<!-- \/ Yoast SEO plugin. -->","yoast_head_json":{"title":"Whisky ~ Grant's ~ 70 cl ~ 40% - 2D Distribution","robots":{"index":"index","follow":"follow","max-snippet":"max-snippet:-1","max-image-preview":"max-image-preview:large","max-video-preview":"max-video-preview:-1"},"canonical":"https:\/\/www.2d-distribution-ardres.com\/index.php\/produit\/whisky-grants-70-cl\/","og_locale":"fr_FR","og_type":"article","og_title":"Whisky ~ Grant's ~ 70 cl ~ 40% - 2D Distribution","og_description":"whisky ~ Grant's ~ 70 cl ~ 40%","og_url":"https:\/\/www.2d-distribution-ardres.com\/index.php\/produit\/whisky-grants-70-cl\/","og_site_name":"2D Distribution","article_publisher":"https:\/\/www.facebook.com\/p\/2D-Distribution-100068220914486\/?locale=fr_FR","article_modified_time":"2024-10-27T06:59:13+00:00","og_image":[{"width":1500,"height":1500,"url":"https:\/\/www.2d-distribution-ardres.com\/wp-content\/uploads\/2024\/10\/Grants.webp","type":"image\/webp"}],"twitter_card":"summary_large_image","schema":{"@context":"https:\/\/schema.org","@graph":[{"@type":"WebPage","@id":"https:\/\/www.2d-distribution-ardres.com\/index.php\/produit\/whisky-grants-70-cl\/","url":"https:\/\/www.2d-distribution-ardres.com\/index.php\/produit\/whisky-grants-70-cl\/","name":"Whisky ~ Grant's ~ 70 cl ~ 40% - 2D Distribution","isPartOf":{"@id":"https:\/\/www.2d-distribution-ardres.com\/#website"},"primaryImageOfPage":{"@id":"https:\/\/www.2d-distribution-ardres.com\/index.php\/produit\/whisky-grants-70-cl\/#primaryimage"},"image":{"@id":"https:\/\/www.2d-distribution-ardres.com\/index.php\/produit\/whisky-grants-70-cl\/#primaryimage"},"thumbnailUrl":"https:\/\/www.2d-distribution-ardres.com\/wp-content\/uploads\/2024\/10\/Grants.webp","datePublished":"2024-10-18T19:48:46+00:00","dateModified":"2024-10-27T06:59:13+00:00","breadcrumb":{"@id":"https:\/\/www.2d-distribution-ardres.com\/index.php\/produit\/whisky-grants-70-cl\/#breadcrumb"},"inLanguage":"fr-FR","potentialAction":[{"@type":"ReadAction","target":["https:\/\/www.2d-distribution-ardres.com\/index.php\/produit\/whisky-grants-70-cl\/"]}]},{"@type":"ImageObject","inLanguage":"fr-FR","@id":"https:\/\/www.2d-distribution-ardres.com\/index.php\/produit\/whisky-grants-70-cl\/#primaryimage","url":"https:\/\/www.2d-distribution-ardres.com\/wp-content\/uploads\/2024\/10\/Grants.webp","contentUrl":"https:\/\/www.2d-distribution-ardres.com\/wp-content\/uploads\/2024\/10\/Grants.webp","width":1500,"height":1500},{"@type":"BreadcrumbList","@id":"https:\/\/www.2d-distribution-ardres.com\/index.php\/produit\/whisky-grants-70-cl\/#breadcrumb","itemListElement":[{"@type":"ListItem","position":1,"name":"Accueil","item":"https:\/\/www.2d-distribution-ardres.com\/"},{"@type":"ListItem","position":2,"name":"Shop","item":"https:\/\/www.2d-distribution-ardres.com\/index.php\/shop\/"},{"@type":"ListItem","position":3,"name":"Whisky ~ Grant&rsquo;s ~ 70 cl ~ 40%"}]},{"@type":"WebSite","@id":"https:\/\/www.2d-distribution-ardres.com\/#website","url":"https:\/\/www.2d-distribution-ardres.com\/","name":"2D Distribution","description":"","publisher":{"@id":"https:\/\/www.2d-distribution-ardres.com\/#organization"},"potentialAction":[{"@type":"SearchAction","target":{"@type":"EntryPoint","urlTemplate":"https:\/\/www.2d-distribution-ardres.com\/?s={search_term_string}"},"query-input":{"@type":"PropertyValueSpecification","valueRequired":true,"valueName":"search_term_string"}}],"inLanguage":"fr-FR"},{"@type":"Organization","@id":"https:\/\/www.2d-distribution-ardres.com\/#organization","name":"2D Distribution","url":"https:\/\/www.2d-distribution-ardres.com\/","logo":{"@type":"ImageObject","inLanguage":"fr-FR","@id":"https:\/\/www.2d-distribution-ardres.com\/#\/schema\/logo\/image\/","url":"https:\/\/www.2d-distribution-ardres.com\/wp-content\/uploads\/2023\/12\/2d_distribution_logo-V2-removebg-preview.png","contentUrl":"https:\/\/www.2d-distribution-ardres.com\/wp-content\/uploads\/2023\/12\/2d_distribution_logo-V2-removebg-preview.png","width":300,"height":300,"caption":"2D Distribution"},"image":{"@id":"https:\/\/www.2d-distribution-ardres.com\/#\/schema\/logo\/image\/"},"sameAs":["https:\/\/www.facebook.com\/p\/2D-Distribution-100068220914486\/?locale=fr_FR"]}]}},"_links":{"self":[{"href":"https:\/\/www.2d-distribution-ardres.com\/index.php\/wp-json\/wp\/v2\/product\/5362","targetHints":{"allow":["GET"]}}],"collection":[{"href":"https:\/\/www.2d-distribution-ardres.com\/index.php\/wp-json\/wp\/v2\/product"}],"about":[{"href":"https:\/\/www.2d-distribution-ardres.com\/index.php\/wp-json\/wp\/v2\/types\/product"}],"replies":[{"embeddable":true,"href":"https:\/\/www.2d-distribution-ardres.com\/index.php\/wp-json\/wp\/v2\/comments?post=5362"}],"wp:featuredmedia":[{"embeddable":true,"href":"https:\/\/www.2d-distribution-ardres.com\/index.php\/wp-json\/wp\/v2\/media\/5363"}],"wp:attachment":[{"href":"https:\/\/www.2d-distribution-ardres.com\/index.php\/wp-json\/wp\/v2\/media?parent=5362"}],"wp:term":[{"taxonomy":"product_brand","embeddable":true,"href":"https:\/\/www.2d-distribution-ardres.com\/index.php\/wp-json\/wp\/v2\/product_brand?post=5362"},{"taxonomy":"product_cat","embeddable":true,"href":"https:\/\/www.2d-distribution-ardres.com\/index.php\/wp-json\/wp\/v2\/product_cat?post=5362"},{"taxonomy":"product_tag","embeddable":true,"href":"https:\/\/www.2d-distribution-ardres.com\/index.php\/wp-json\/wp\/v2\/product_tag?post=5362"}],"curies":[{"name":"wp","href":"https:\/\/api.w.org\/{rel}","templated":true}]}}