{"id":364,"date":"2020-11-07T14:14:13","date_gmt":"2020-11-07T13:14:13","guid":{"rendered":"https:\/\/www.2d-distribution-ardres.com\/index.php\/produit\/cidre-loic-raison-75cl\/"},"modified":"2026-04-07T16:03:03","modified_gmt":"2026-04-07T14:03:03","slug":"cidre-loic-raison-75cl","status":"publish","type":"product","link":"https:\/\/www.2d-distribution-ardres.com\/index.php\/produit\/cidre-loic-raison-75cl\/","title":{"rendered":"Cidre ~ Bol\u00e9e d&rsquo;Armorique ~ Doux ~ 2\u00b0 ~ 75 cl"},"content":{"rendered":"<p>Ce cidre doux est g\u00e9n\u00e9reux et acidul\u00e9. Sa robe limpide pr\u00e9sente des reflets jaune-orang\u00e9. Ce cidre Breton a d\u2019ailleurs re\u00e7u la m\u00e9daille de bronze au Concours G\u00e9n\u00e9ral Agricole gage de sa qualit\u00e9. Le cidre Bol\u00e9e d&rsquo;Armorique doux ne pr\u00e9sente que 2.5% d\u2019alcool.<\/p>\n","protected":false},"excerpt":{"rendered":"<p>Cidre ~ Bol\u00e9e d&rsquo;Armorique ~ Doux ~ 2\u00b0 ~ 75 cl<\/p>\n","protected":false},"featured_media":5699,"comment_status":"closed","ping_status":"closed","template":"","meta":{"site-sidebar-layout":"default","site-content-layout":"","ast-site-content-layout":"default","site-content-style":"default","site-sidebar-style":"default","ast-global-header-display":"","ast-banner-title-visibility":"","ast-main-header-display":"","ast-hfb-above-header-display":"","ast-hfb-below-header-display":"","ast-hfb-mobile-header-display":"","site-post-title":"","ast-breadcrumbs-content":"","ast-featured-img":"","footer-sml-layout":"","ast-disable-related-posts":"","theme-transparent-header-meta":"default","adv-header-id-meta":"","stick-header-meta":"","header-above-stick-meta":"","header-main-stick-meta":"","header-below-stick-meta":"","astra-migrate-meta-layouts":"set","ast-page-background-enabled":"default","ast-page-background-meta":{"desktop":{"background-color":"","background-image":"","background-repeat":"repeat","background-position":"center center","background-size":"auto","background-attachment":"scroll","background-type":"","background-media":"","overlay-type":"","overlay-color":"","overlay-opacity":"","overlay-gradient":""},"tablet":{"background-color":"","background-image":"","background-repeat":"repeat","background-position":"center center","background-size":"auto","background-attachment":"scroll","background-type":"","background-media":"","overlay-type":"","overlay-color":"","overlay-opacity":"","overlay-gradient":""},"mobile":{"background-color":"","background-image":"","background-repeat":"repeat","background-position":"center center","background-size":"auto","background-attachment":"scroll","background-type":"","background-media":"","overlay-type":"","overlay-color":"","overlay-opacity":"","overlay-gradient":""}},"ast-content-background-meta":{"desktop":{"background-color":"var(--ast-global-color-5)","background-image":"","background-repeat":"repeat","background-position":"center center","background-size":"auto","background-attachment":"scroll","background-type":"","background-media":"","overlay-type":"","overlay-color":"","overlay-opacity":"","overlay-gradient":""},"tablet":{"background-color":"var(--ast-global-color-5)","background-image":"","background-repeat":"repeat","background-position":"center center","background-size":"auto","background-attachment":"scroll","background-type":"","background-media":"","overlay-type":"","overlay-color":"","overlay-opacity":"","overlay-gradient":""},"mobile":{"background-color":"var(--ast-global-color-5)","background-image":"","background-repeat":"repeat","background-position":"center center","background-size":"auto","background-attachment":"scroll","background-type":"","background-media":"","overlay-type":"","overlay-color":"","overlay-opacity":"","overlay-gradient":""}}},"product_brand":[],"product_cat":[77],"product_tag":[],"class_list":{"0":"post-364","1":"product","2":"type-product","3":"status-publish","4":"has-post-thumbnail","6":"product_cat-cidre","7":"desktop-align-left","8":"tablet-align-left","9":"mobile-align-left","11":"first","12":"instock","13":"taxable","14":"shipping-taxable","15":"purchasable","16":"product-type-simple"},"yoast_head":"<!-- This site is optimized with the Yoast SEO plugin v26.9 - https:\/\/yoast.com\/product\/yoast-seo-wordpress\/ -->\n<title>Cidre ~ Bol\u00e9e d&#039;Armorique ~ Doux ~ 2\u00b0 ~ 75 cl - 2D Distribution<\/title>\n<meta name=\"robots\" content=\"index, follow, max-snippet:-1, max-image-preview:large, max-video-preview:-1\" \/>\n<link rel=\"canonical\" href=\"https:\/\/www.2d-distribution-ardres.com\/index.php\/produit\/cidre-loic-raison-75cl\/\" \/>\n<meta property=\"og:locale\" content=\"fr_FR\" \/>\n<meta property=\"og:type\" content=\"article\" \/>\n<meta property=\"og:title\" content=\"Cidre ~ Bol\u00e9e d&#039;Armorique ~ Doux ~ 2\u00b0 ~ 75 cl - 2D Distribution\" \/>\n<meta property=\"og:description\" content=\"Cidre ~ Bol\u00e9e d&#039;Armorique ~ Doux ~ 2\u00b0 ~ 75 cl\" \/>\n<meta property=\"og:url\" content=\"https:\/\/www.2d-distribution-ardres.com\/index.php\/produit\/cidre-loic-raison-75cl\/\" \/>\n<meta property=\"og:site_name\" content=\"2D Distribution\" \/>\n<meta property=\"article:publisher\" content=\"https:\/\/www.facebook.com\/p\/2D-Distribution-100068220914486\/?locale=fr_FR\" \/>\n<meta property=\"article:modified_time\" content=\"2026-04-07T14:03:03+00:00\" \/>\n<meta property=\"og:image\" content=\"https:\/\/www.2d-distribution-ardres.com\/wp-content\/uploads\/2020\/11\/cidre-bolee-d-armorique-doux.png\" \/>\n\t<meta property=\"og:image:width\" content=\"800\" \/>\n\t<meta property=\"og:image:height\" content=\"800\" \/>\n\t<meta property=\"og:image:type\" content=\"image\/png\" \/>\n<meta name=\"twitter:card\" content=\"summary_large_image\" \/>\n<script type=\"application\/ld+json\" class=\"yoast-schema-graph\">{\"@context\":\"https:\/\/schema.org\",\"@graph\":[{\"@type\":\"WebPage\",\"@id\":\"https:\/\/www.2d-distribution-ardres.com\/index.php\/produit\/cidre-loic-raison-75cl\/\",\"url\":\"https:\/\/www.2d-distribution-ardres.com\/index.php\/produit\/cidre-loic-raison-75cl\/\",\"name\":\"Cidre ~ Bol\u00e9e d'Armorique ~ Doux ~ 2\u00b0 ~ 75 cl - 2D Distribution\",\"isPartOf\":{\"@id\":\"https:\/\/www.2d-distribution-ardres.com\/#website\"},\"primaryImageOfPage\":{\"@id\":\"https:\/\/www.2d-distribution-ardres.com\/index.php\/produit\/cidre-loic-raison-75cl\/#primaryimage\"},\"image\":{\"@id\":\"https:\/\/www.2d-distribution-ardres.com\/index.php\/produit\/cidre-loic-raison-75cl\/#primaryimage\"},\"thumbnailUrl\":\"https:\/\/www.2d-distribution-ardres.com\/wp-content\/uploads\/2020\/11\/cidre-bolee-d-armorique-doux.png\",\"datePublished\":\"2020-11-07T13:14:13+00:00\",\"dateModified\":\"2026-04-07T14:03:03+00:00\",\"breadcrumb\":{\"@id\":\"https:\/\/www.2d-distribution-ardres.com\/index.php\/produit\/cidre-loic-raison-75cl\/#breadcrumb\"},\"inLanguage\":\"fr-FR\",\"potentialAction\":[{\"@type\":\"ReadAction\",\"target\":[\"https:\/\/www.2d-distribution-ardres.com\/index.php\/produit\/cidre-loic-raison-75cl\/\"]}]},{\"@type\":\"ImageObject\",\"inLanguage\":\"fr-FR\",\"@id\":\"https:\/\/www.2d-distribution-ardres.com\/index.php\/produit\/cidre-loic-raison-75cl\/#primaryimage\",\"url\":\"https:\/\/www.2d-distribution-ardres.com\/wp-content\/uploads\/2020\/11\/cidre-bolee-d-armorique-doux.png\",\"contentUrl\":\"https:\/\/www.2d-distribution-ardres.com\/wp-content\/uploads\/2020\/11\/cidre-bolee-d-armorique-doux.png\",\"width\":800,\"height\":800},{\"@type\":\"BreadcrumbList\",\"@id\":\"https:\/\/www.2d-distribution-ardres.com\/index.php\/produit\/cidre-loic-raison-75cl\/#breadcrumb\",\"itemListElement\":[{\"@type\":\"ListItem\",\"position\":1,\"name\":\"Accueil\",\"item\":\"https:\/\/www.2d-distribution-ardres.com\/\"},{\"@type\":\"ListItem\",\"position\":2,\"name\":\"Shop\",\"item\":\"https:\/\/www.2d-distribution-ardres.com\/index.php\/shop\/\"},{\"@type\":\"ListItem\",\"position\":3,\"name\":\"Cidre ~ Bol\u00e9e d&rsquo;Armorique ~ Doux ~ 2\u00b0 ~ 75 cl\"}]},{\"@type\":\"WebSite\",\"@id\":\"https:\/\/www.2d-distribution-ardres.com\/#website\",\"url\":\"https:\/\/www.2d-distribution-ardres.com\/\",\"name\":\"2D Distribution\",\"description\":\"\",\"publisher\":{\"@id\":\"https:\/\/www.2d-distribution-ardres.com\/#organization\"},\"potentialAction\":[{\"@type\":\"SearchAction\",\"target\":{\"@type\":\"EntryPoint\",\"urlTemplate\":\"https:\/\/www.2d-distribution-ardres.com\/?s={search_term_string}\"},\"query-input\":{\"@type\":\"PropertyValueSpecification\",\"valueRequired\":true,\"valueName\":\"search_term_string\"}}],\"inLanguage\":\"fr-FR\"},{\"@type\":\"Organization\",\"@id\":\"https:\/\/www.2d-distribution-ardres.com\/#organization\",\"name\":\"2D Distribution\",\"url\":\"https:\/\/www.2d-distribution-ardres.com\/\",\"logo\":{\"@type\":\"ImageObject\",\"inLanguage\":\"fr-FR\",\"@id\":\"https:\/\/www.2d-distribution-ardres.com\/#\/schema\/logo\/image\/\",\"url\":\"https:\/\/www.2d-distribution-ardres.com\/wp-content\/uploads\/2023\/12\/2d_distribution_logo-V2-removebg-preview.png\",\"contentUrl\":\"https:\/\/www.2d-distribution-ardres.com\/wp-content\/uploads\/2023\/12\/2d_distribution_logo-V2-removebg-preview.png\",\"width\":300,\"height\":300,\"caption\":\"2D Distribution\"},\"image\":{\"@id\":\"https:\/\/www.2d-distribution-ardres.com\/#\/schema\/logo\/image\/\"},\"sameAs\":[\"https:\/\/www.facebook.com\/p\/2D-Distribution-100068220914486\/?locale=fr_FR\"]}]}<\/script>\n<!-- \/ Yoast SEO plugin. -->","yoast_head_json":{"title":"Cidre ~ Bol\u00e9e d'Armorique ~ Doux ~ 2\u00b0 ~ 75 cl - 2D Distribution","robots":{"index":"index","follow":"follow","max-snippet":"max-snippet:-1","max-image-preview":"max-image-preview:large","max-video-preview":"max-video-preview:-1"},"canonical":"https:\/\/www.2d-distribution-ardres.com\/index.php\/produit\/cidre-loic-raison-75cl\/","og_locale":"fr_FR","og_type":"article","og_title":"Cidre ~ Bol\u00e9e d'Armorique ~ Doux ~ 2\u00b0 ~ 75 cl - 2D Distribution","og_description":"Cidre ~ Bol\u00e9e d'Armorique ~ Doux ~ 2\u00b0 ~ 75 cl","og_url":"https:\/\/www.2d-distribution-ardres.com\/index.php\/produit\/cidre-loic-raison-75cl\/","og_site_name":"2D Distribution","article_publisher":"https:\/\/www.facebook.com\/p\/2D-Distribution-100068220914486\/?locale=fr_FR","article_modified_time":"2026-04-07T14:03:03+00:00","og_image":[{"width":800,"height":800,"url":"https:\/\/www.2d-distribution-ardres.com\/wp-content\/uploads\/2020\/11\/cidre-bolee-d-armorique-doux.png","type":"image\/png"}],"twitter_card":"summary_large_image","schema":{"@context":"https:\/\/schema.org","@graph":[{"@type":"WebPage","@id":"https:\/\/www.2d-distribution-ardres.com\/index.php\/produit\/cidre-loic-raison-75cl\/","url":"https:\/\/www.2d-distribution-ardres.com\/index.php\/produit\/cidre-loic-raison-75cl\/","name":"Cidre ~ Bol\u00e9e d'Armorique ~ Doux ~ 2\u00b0 ~ 75 cl - 2D Distribution","isPartOf":{"@id":"https:\/\/www.2d-distribution-ardres.com\/#website"},"primaryImageOfPage":{"@id":"https:\/\/www.2d-distribution-ardres.com\/index.php\/produit\/cidre-loic-raison-75cl\/#primaryimage"},"image":{"@id":"https:\/\/www.2d-distribution-ardres.com\/index.php\/produit\/cidre-loic-raison-75cl\/#primaryimage"},"thumbnailUrl":"https:\/\/www.2d-distribution-ardres.com\/wp-content\/uploads\/2020\/11\/cidre-bolee-d-armorique-doux.png","datePublished":"2020-11-07T13:14:13+00:00","dateModified":"2026-04-07T14:03:03+00:00","breadcrumb":{"@id":"https:\/\/www.2d-distribution-ardres.com\/index.php\/produit\/cidre-loic-raison-75cl\/#breadcrumb"},"inLanguage":"fr-FR","potentialAction":[{"@type":"ReadAction","target":["https:\/\/www.2d-distribution-ardres.com\/index.php\/produit\/cidre-loic-raison-75cl\/"]}]},{"@type":"ImageObject","inLanguage":"fr-FR","@id":"https:\/\/www.2d-distribution-ardres.com\/index.php\/produit\/cidre-loic-raison-75cl\/#primaryimage","url":"https:\/\/www.2d-distribution-ardres.com\/wp-content\/uploads\/2020\/11\/cidre-bolee-d-armorique-doux.png","contentUrl":"https:\/\/www.2d-distribution-ardres.com\/wp-content\/uploads\/2020\/11\/cidre-bolee-d-armorique-doux.png","width":800,"height":800},{"@type":"BreadcrumbList","@id":"https:\/\/www.2d-distribution-ardres.com\/index.php\/produit\/cidre-loic-raison-75cl\/#breadcrumb","itemListElement":[{"@type":"ListItem","position":1,"name":"Accueil","item":"https:\/\/www.2d-distribution-ardres.com\/"},{"@type":"ListItem","position":2,"name":"Shop","item":"https:\/\/www.2d-distribution-ardres.com\/index.php\/shop\/"},{"@type":"ListItem","position":3,"name":"Cidre ~ Bol\u00e9e d&rsquo;Armorique ~ Doux ~ 2\u00b0 ~ 75 cl"}]},{"@type":"WebSite","@id":"https:\/\/www.2d-distribution-ardres.com\/#website","url":"https:\/\/www.2d-distribution-ardres.com\/","name":"2D Distribution","description":"","publisher":{"@id":"https:\/\/www.2d-distribution-ardres.com\/#organization"},"potentialAction":[{"@type":"SearchAction","target":{"@type":"EntryPoint","urlTemplate":"https:\/\/www.2d-distribution-ardres.com\/?s={search_term_string}"},"query-input":{"@type":"PropertyValueSpecification","valueRequired":true,"valueName":"search_term_string"}}],"inLanguage":"fr-FR"},{"@type":"Organization","@id":"https:\/\/www.2d-distribution-ardres.com\/#organization","name":"2D Distribution","url":"https:\/\/www.2d-distribution-ardres.com\/","logo":{"@type":"ImageObject","inLanguage":"fr-FR","@id":"https:\/\/www.2d-distribution-ardres.com\/#\/schema\/logo\/image\/","url":"https:\/\/www.2d-distribution-ardres.com\/wp-content\/uploads\/2023\/12\/2d_distribution_logo-V2-removebg-preview.png","contentUrl":"https:\/\/www.2d-distribution-ardres.com\/wp-content\/uploads\/2023\/12\/2d_distribution_logo-V2-removebg-preview.png","width":300,"height":300,"caption":"2D Distribution"},"image":{"@id":"https:\/\/www.2d-distribution-ardres.com\/#\/schema\/logo\/image\/"},"sameAs":["https:\/\/www.facebook.com\/p\/2D-Distribution-100068220914486\/?locale=fr_FR"]}]}},"_links":{"self":[{"href":"https:\/\/www.2d-distribution-ardres.com\/index.php\/wp-json\/wp\/v2\/product\/364","targetHints":{"allow":["GET"]}}],"collection":[{"href":"https:\/\/www.2d-distribution-ardres.com\/index.php\/wp-json\/wp\/v2\/product"}],"about":[{"href":"https:\/\/www.2d-distribution-ardres.com\/index.php\/wp-json\/wp\/v2\/types\/product"}],"replies":[{"embeddable":true,"href":"https:\/\/www.2d-distribution-ardres.com\/index.php\/wp-json\/wp\/v2\/comments?post=364"}],"wp:featuredmedia":[{"embeddable":true,"href":"https:\/\/www.2d-distribution-ardres.com\/index.php\/wp-json\/wp\/v2\/media\/5699"}],"wp:attachment":[{"href":"https:\/\/www.2d-distribution-ardres.com\/index.php\/wp-json\/wp\/v2\/media?parent=364"}],"wp:term":[{"taxonomy":"product_brand","embeddable":true,"href":"https:\/\/www.2d-distribution-ardres.com\/index.php\/wp-json\/wp\/v2\/product_brand?post=364"},{"taxonomy":"product_cat","embeddable":true,"href":"https:\/\/www.2d-distribution-ardres.com\/index.php\/wp-json\/wp\/v2\/product_cat?post=364"},{"taxonomy":"product_tag","embeddable":true,"href":"https:\/\/www.2d-distribution-ardres.com\/index.php\/wp-json\/wp\/v2\/product_tag?post=364"}],"curies":[{"name":"wp","href":"https:\/\/api.w.org\/{rel}","templated":true}]}}